{"id":1115,"date":"2023-01-03T11:03:50","date_gmt":"2023-01-03T11:03:50","guid":{"rendered":"https:\/\/escolaesquipallarssobira.es\/avis-legal\/"},"modified":"2023-01-03T11:05:11","modified_gmt":"2023-01-03T11:05:11","slug":"avis-legal","status":"publish","type":"page","link":"https:\/\/escolaesquipallarssobira.es\/es\/avis-legal\/","title":{"rendered":"Av\u00eds legal"},"content":{"rendered":"<style>#kt-layout-id_1ab6d7-63 > .kt-row-column-wrap{align-content:start;}:where(#kt-layout-id_1ab6d7-63 > .kt-row-column-wrap) > .wp-block-kadence-column{justify-content:start;}#kt-layout-id_1ab6d7-63 > .kt-row-column-wrap{column-gap:var(--global-kb-gap-md, 2rem);row-gap:var(--global-kb-gap-md, 2rem);padding-top:var( --global-kb-row-default-top, 25px );padding-bottom:var( --global-kb-row-default-bottom, 25px );padding-top:var(--global-kb-spacing-sm, 1.5rem);padding-bottom:var(--global-kb-spacing-sm, 1.5rem);grid-template-columns:minmax(0, 1fr);}#kt-layout-id_1ab6d7-63 > .kt-row-layout-overlay{opacity:0.30;}@media all and (max-width: 1024px){#kt-layout-id_1ab6d7-63 > .kt-row-column-wrap{grid-template-columns:minmax(0, 1fr);}}@media all and (max-width: 767px){#kt-layout-id_1ab6d7-63 > .kt-row-column-wrap{grid-template-columns:minmax(0, 1fr);}}<\/style>\n<div class=\"wp-block-kadence-rowlayout alignnone\"><div id=\"kt-layout-id_1ab6d7-63\" class=\"kt-row-layout-inner kt-layout-id_1ab6d7-63\"><div class=\"kt-row-column-wrap kt-has-1-columns kt-gutter-default kt-v-gutter-default kt-row-valign-top kt-row-layout-equal kt-tab-layout-inherit kt-m-colapse-left-to-right kt-mobile-layout-row\"><style>.kadence-column_870e1d-03 > .kt-inside-inner-col{border-top-width:0px;border-right-width:0px;border-bottom-width:0px;border-left-width:0px;}.kadence-column_870e1d-03 > .kt-inside-inner-col,.kadence-column_870e1d-03 > .kt-inside-inner-col:before{border-top-left-radius:0px;border-top-right-radius:0px;border-bottom-right-radius:0px;border-bottom-left-radius:0px;}.kadence-column_870e1d-03 > .kt-inside-inner-col{column-gap:var(--global-kb-gap-sm, 1rem);}.kadence-column_870e1d-03 > .kt-inside-inner-col{flex-direction:column;}.kadence-column_870e1d-03 > .kt-inside-inner-col > .aligncenter{width:100%;}.kadence-column_870e1d-03 > .kt-inside-inner-col:before{opacity:0.3;}.kadence-column_870e1d-03{position:relative;}@media all and (max-width: 1024px){.kadence-column_870e1d-03 > .kt-inside-inner-col{flex-direction:column;justify-content:center;}}@media all and (max-width: 767px){.kadence-column_870e1d-03 > .kt-inside-inner-col{flex-direction:column;justify-content:center;}}<\/style>\n<div class=\"wp-block-kadence-column inner-column-1 kadence-column_870e1d-03\"><div class=\"kt-inside-inner-col\">\n<p>AV\u00cdS LEGAL<\/p>\n\n\n\n<p><a><\/a><a><\/a> Aquesta p\u00e0gina web \u00e9s propietat de ESCOLA D&#8217;ESQUI SNOW PORT SA (en endavant ESCOLA ESQU\u00cd PALLARS SOBIR\u00c0), amb NIF n\u00fam. n\u00ba A25566548 i domicili a Ribera de Card\u00f3s (25570), Lleida, Espa\u00f1a i inscrita al Registre Mercantil de \u2026\u2026\u2026\u2026\u2026\u2026\u2026 en el Tom \u2026\u2026\u2026 Llibre \u2026\u2026.. Inscripci\u00f3 \u2026\u2026..<\/p>\n\n\n\n<p>Per a qualsevol consulta o proposta, contacteu amb nosaltres trucant al tel\u00e8fon 676991654 o pel correu-e a <a href=\"mailto:info@escolaesquipallarssobira.es\">info@escolaesquipallarssobira.es<\/a><\/p>\n\n\n\n<p>Aquesta p\u00e0gina web es regeix per la normativa exclusivament aplicable a Espanya, i hi queden sotmesos tant nacionals com estrangers que utilitzin aquesta web.<\/p>\n\n\n\n<p>L&#8217;acc\u00e9s a la nostra p\u00e0gina Web per part de l&#8217;USUARI \u00e9s gratu\u00eft i el seu \u00fas es regeix per les condicions d&#8217;\u00fas vigents en el moment de l&#8217;acc\u00e9s, que preguem que llegeixi detingudament. Si l&#8217;usuari no estigu\u00e9s d&#8217;acord amb les presents condicions d&#8217;\u00fas, haur\u00e0 d&#8217;abstenir-se d&#8217;utilitzar aquest portal i operar per mitj\u00e0 d&#8217;aquest, podent contactar amb nosaltres perqu\u00e8 li resolguem qualsevol dubte en relaci\u00f3 a aquestes.<\/p>\n\n\n\n<p>El subministrament de dades personals a trav\u00e9s del nostre portal requereix una edat m\u00ednima de 14 anys o, si escau, disposar de prou capacitat jur\u00eddica per contractar.<\/p>\n\n\n\n<p>En qualsevol moment podrem modificar la presentaci\u00f3 i configuraci\u00f3 de la nostra web, ampliar o reduir serveis, i fins i tot suprimir-la de la xarxa, igual com els serveis i continguts prestats, i tot de manera unilateral i sense av\u00eds previ.<\/p>\n\n\n\n<p><strong>A. PROPIETAT INTEL\u00b7LECTUAL<\/strong><\/p>\n\n\n\n<p>Tots els continguts, textos, imatges i codis font s\u00f3n propietat de ESCOLA ESQU\u00cd PALLARS SOBIR\u00c0 o de tercers als quals s\u2019han adquirit els seus drets d\u2019explotaci\u00f3, i estan protegits pels drets de propietat intel\u00b7lectual i industrial.<\/p>\n\n\n\n<p>L\u2019USUARI \u00fanicament t\u00e9 dret a usar-los privadament, sense \u00e0nim de lucre, i necessita autoritzaci\u00f3 expressa per modificar-los, reproduir-los, explotar-los, distribuir-los o exercir qualsevol dret pertanyent al seu titular.<\/p>\n\n\n\n<p>ESCOLA ESQU\u00cd PALLARS SOBIR\u00c0 \u00e9s una marca registrada, i est\u00e0 prohibida la reproducci\u00f3, imitaci\u00f3, utilitzaci\u00f3 o inserci\u00f3 d\u2019aquestes marques sense la nostra deguda autoritzaci\u00f3.<\/p>\n\n\n\n<p>L\u2019establiment d\u2019enlla\u00e7os al nostre portal no confereix cap dret sobre aquest. Igualment, el simple fet d\u2019establir un enlla\u00e7 a la nostra p\u00e0gina web no dona dret a atorgar-se la categoria de col\u00b7laborador o soci.<\/p>\n\n\n\n<p>ESCOLA ESQU\u00cd PALLARS SOBIR\u00c0 queda exonerat de responsabilitat per qualsevol reclamaci\u00f3 respecte als drets de propietat intel\u00b7lectual dels articles i imatges publicades per tercers al seu portal.<\/p>\n\n\n\n<p>\u00c9s absolutament prohibida la imitaci\u00f3 tant total com parcial del nostre portal o l\u2019establiment d\u2019enlla\u00e7os a la nostra p\u00e0gina web sense l\u2019autoritzaci\u00f3 pr\u00e8via de ESCOLA D\u00b4ESQU\u00cd PALLARS SOBIR\u00c0.<\/p>\n\n\n\n<p><strong>B. CONDICIONS D\u2019ACC\u00c9S I \u00daS<\/strong><\/p>\n\n\n\n<p>L\u2019acc\u00e9s a la nostra p\u00e0gina web \u00e9s de franc i no exigeix subscripci\u00f3 o registre previ.<\/p>\n\n\n\n<p>La tramesa de dades personals implica l\u2019acceptaci\u00f3 expressa per part de l\u2019USUARI de la nostra <a href=\"https:\/\/escolaesquipallarssobira.es\/politica-privacitat\/\">Pol\u00edtica de Privacitat<\/a>.<\/p>\n\n\n\n<p>L\u2019USUARI ha d\u2019accedir a la nostra p\u00e0gina web conforme a la bona fe, les normes d\u2019ordre p\u00fablic i aquestes Condicions generals d\u2019\u00fas. L\u2019acc\u00e9s al nostre lloc web es fa sota la pr\u00f2pia i exclusiva responsabilitat de l\u2019USUARI, que respondr\u00e0, si escau, dels danys i perjudicis que pugui causar a tercers o a nosaltres mateixos.<\/p>\n\n\n\n<p>L\u2019USUARI t\u00e9 expressament prohibida la utilitzaci\u00f3 i obtenci\u00f3 dels serveis, productes i continguts oferts en aquesta p\u00e0gina web per procediments diferents dels estipulats en aquestes condicions d\u2019\u00fas.<\/p>\n\n\n\n<p>L\u2019USUARI t\u00e9 prohibida qualsevol mena d\u2019acci\u00f3 sobre el nostre portal que origini una excessiva sobrec\u00e0rrega de funcionament als nostres sistemes inform\u00e0tics, igual com la introducci\u00f3 de virus, o instal\u00b7laci\u00f3 de robots, o programari que alteri el normal funcionament de la nostra web, o en definitiva pugui causar danys als nostres sistemes inform\u00e0tics.<\/p>\n\n\n\n<p>Tenint en compte la dificultat de control respecte a la informaci\u00f3, continguts i serveis que continguin p\u00e0gines web de tercers disponibles des de la nostra p\u00e0gina web, li comuniquem que ESCOLA ESQU\u00cd PALLARS SOBIR\u00c0, no es fa responsable d&#8217;aquests, sense perjudici que intentar\u00e0, en la mesura que sigui possible, vetllar per la seva legalitat.<\/p>\n\n\n\n<p>ESCOLA ESQU\u00cd PALLARS SOBIR\u00c0 es reserva el dret a donar de baixa a qualsevol PERSONA USU\u00c0RIA que l&#8217;organitzaci\u00f3 entengui que ha vulnerat les condicions que regeixen l&#8217;\u00fas de la nostra p\u00e0gina web. Aix\u00ed mateix, es reserva el dret d&#8217;exercitar les accions legals oportunes contra aquells que vulnerin les presents condicions generals d&#8217;\u00fas.<\/p>\n\n\n\n<p><strong>C. POL\u00cdTICA DE PRIVACITAT<\/strong><\/p>\n\n\n\n<p>La confidencialitat i la seguretat s\u00f3n valors primordials de ESCOLA ESQU\u00cd PALLARS SOBIR\u00c0 i, en conseq\u00fc\u00e8ncia, assumim el comprom\u00eds de garantir la privacitat de l\u2019USUARI en tot moment i de no recaptar informaci\u00f3 innecess\u00e0ria.<\/p>\n\n\n\n<p>El subministrament de dades personals a trav\u00e9s del nostre portal requereix una edat m\u00ednima de 14 anys i l\u2019acceptaci\u00f3 expressa de la nostra Pol\u00edtica de privacitat.<\/p>\n\n\n\n<p><strong>D. RESPONSABILITATS<\/strong><\/p>\n\n\n\n<p>En posar a la disposici\u00f3 de la PERSONA USU\u00c0RIA aquesta p\u00e0gina Web volem oferir-li un servei de qualitat, utilitzant la m\u00e0xima dilig\u00e8ncia en la prestaci\u00f3 d&#8217;aquest, aix\u00ed com en els mitjans tecnol\u00f2gics utilitzats. No obstant aix\u00f2, ESCOLA ESQU\u00cd PALLARS SOBIR\u00c0 no garanteix que la disponibilitat del servei sigui cont\u00ednua i ininterrompuda, per circumst\u00e0ncies originades per problemes en la xarxa d&#8217;Internet, avaries en els dispositius inform\u00e0tics o altres circumst\u00e0ncies imprevisibles, de manera que la PERSONA USU\u00c0RIA accepta suportar dins d&#8217;uns l\u00edmits raonables aquestes circumst\u00e0ncies.<\/p>\n\n\n\n<p>Aquesta p\u00e0gina web, excepte el regulat, en el seu cas, per algunes condicions d&#8217;\u00fas espec\u00edfiques, \u00e9s purament informativa i de presentaci\u00f3 corporativa dels nostres productes i serveis, per la qual cosa ESCOLA ESQU\u00cd PALLARS SOBIR\u00c0 no es responsabilitza per les expectatives de qualsevol tipus que pugui generar a la PERSONA USU\u00c0RIA.<\/p>\n\n\n\n<p>Tot el referent a la nostra p\u00e0gina web, es regeix exclusivament per les lleis espanyoles. En el cas que es produeixi qualsevol tipus de discrep\u00e0ncia o difer\u00e8ncia entre les parts en relaci\u00f3 amb la interpretaci\u00f3 i contingut de la present p\u00e0gina web, totes les parts se sotmeten als Jutjats i Tribunals que legalment corresponguin.<\/p>\n\n\n\n<p><strong>E. VIG\u00c8NCIA DE LES CONDICIONS GENERALES D\u2019ACC\u00c9S A LA WEB<\/strong><\/p>\n\n\n\n<p>Aquestes Condicions generals d\u2019\u00fas han estat modificades el dia dd\/mm\/aaaa. En qualsevol moment podem modificar-les. Si us plau, comproveu la data d\u2019emissi\u00f3 cada vegada que us connecteu a la nostra p\u00e0gina web i aix\u00ed tindreu la certesa que no s\u2019ha produ\u00eft cap modificaci\u00f3 que us afecti.<\/p>\n\n\n\n<p>Per a qualsevol q\u00fcesti\u00f3 respecte a les condicions d\u2019\u00fas de la nostra p\u00e0gina web, podeu posar-vos en contacte amb nosaltres usant les dades indicades m\u00e9s amunt, o amb Lant Abogados a <a href=\"mailto:info@lant-abogados.com\">info@lant-abogados.com<\/a> o <a href=\"http:\/\/www.lant-abogados.com\/\">www.lant-abogados.com<\/a><\/p>\n<\/div><\/div>\n<\/div><\/div><\/div>\n","protected":false},"excerpt":{"rendered":"<p>AV\u00cdS LEGAL Aquesta p\u00e0gina web \u00e9s propietat de ESCOLA D&#8217;ESQUI SNOW PORT SA (en endavant ESCOLA ESQU\u00cd PALLARS SOBIR\u00c0), amb NIF n\u00fam. n\u00ba A25566548 i domicili a Ribera de Card\u00f3s (25570), Lleida, Espa\u00f1a i inscrita al Registre Mercantil de \u2026\u2026\u2026\u2026\u2026\u2026\u2026 en el Tom \u2026\u2026\u2026 Llibre \u2026\u2026.. Inscripci\u00f3 \u2026\u2026.. Per a qualsevol consulta o proposta, contacteu&#8230;<\/p>\n","protected":false},"author":1,"featured_media":0,"parent":0,"menu_order":0,"comment_status":"closed","ping_status":"closed","template":"","meta":{"_kad_post_transparent":"","_kad_post_title":"","_kad_post_layout":"","_kad_post_sidebar_id":"","_kad_post_content_style":"","_kad_post_vertical_padding":"","_kad_post_feature":"","_kad_post_feature_position":"","_kad_post_header":false,"_kad_post_footer":false,"_kad_post_classname":"","footnotes":""},"class_list":["post-1115","page","type-page","status-publish","hentry"],"yoast_head":"<!-- This site is optimized with the Yoast SEO plugin v27.4 - https:\/\/yoast.com\/product\/yoast-seo-wordpress\/ -->\n<title>Av\u00eds legal - Escola d&#039;Esqu\u00ed i Snowboard al Pallars Sobir\u00e0<\/title>\n<meta name=\"description\" content=\"Si tens ganes de millorar o perfeccionar el teu esqu\u00ed o snow, som la teva escola. Estem a Port-Ain\u00e9, una de les estacions amb millor neu i tranquil\u00b7les. Classes individuals i col\u00b7lectives. T&#039;esperem\" \/>\n<meta name=\"robots\" content=\"index, follow, max-snippet:-1, max-image-preview:large, max-video-preview:-1\" \/>\n<link rel=\"canonical\" href=\"https:\/\/escolaesquipallarssobira.es\/es\/avis-legal\/\" \/>\n<meta property=\"og:locale\" content=\"es_ES\" \/>\n<meta property=\"og:type\" content=\"article\" \/>\n<meta property=\"og:title\" content=\"Av\u00eds legal - Escola d&#039;Esqu\u00ed i Snowboard al Pallars Sobir\u00e0\" \/>\n<meta property=\"og:description\" content=\"Si tens ganes de millorar o perfeccionar el teu esqu\u00ed o snow, som la teva escola. Estem a Port-Ain\u00e9, una de les estacions amb millor neu i tranquil\u00b7les. Classes individuals i col\u00b7lectives. T&#039;esperem\" \/>\n<meta property=\"og:url\" content=\"https:\/\/escolaesquipallarssobira.es\/es\/avis-legal\/\" \/>\n<meta property=\"og:site_name\" content=\"Escola d&#039;Esqu\u00ed i Snowboard al Pallars Sobir\u00e0\" \/>\n<meta property=\"article:publisher\" content=\"https:\/\/www.facebook.com\/escolaesquiportaine\" \/>\n<meta property=\"article:modified_time\" content=\"2023-01-03T11:05:11+00:00\" \/>\n<meta name=\"twitter:card\" content=\"summary_large_image\" \/>\n<meta name=\"twitter:site\" content=\"@eesquipsobira\" \/>\n<meta name=\"twitter:label1\" content=\"Tiempo de lectura\" \/>\n\t<meta name=\"twitter:data1\" content=\"6 minutos\" \/>\n<script type=\"application\/ld+json\" class=\"yoast-schema-graph\">{\"@context\":\"https:\\\/\\\/schema.org\",\"@graph\":[{\"@type\":\"WebPage\",\"@id\":\"https:\\\/\\\/escolaesquipallarssobira.es\\\/es\\\/avis-legal\\\/\",\"url\":\"https:\\\/\\\/escolaesquipallarssobira.es\\\/es\\\/avis-legal\\\/\",\"name\":\"Av\u00eds legal - Escola d&#039;Esqu\u00ed i Snowboard al Pallars Sobir\u00e0\",\"isPartOf\":{\"@id\":\"https:\\\/\\\/escolaesquipallarssobira.es\\\/#website\"},\"datePublished\":\"2023-01-03T11:03:50+00:00\",\"dateModified\":\"2023-01-03T11:05:11+00:00\",\"description\":\"Si tens ganes de millorar o perfeccionar el teu esqu\u00ed o snow, som la teva escola. Estem a Port-Ain\u00e9, una de les estacions amb millor neu i tranquil\u00b7les. Classes individuals i col\u00b7lectives. T'esperem\",\"breadcrumb\":{\"@id\":\"https:\\\/\\\/escolaesquipallarssobira.es\\\/es\\\/avis-legal\\\/#breadcrumb\"},\"inLanguage\":\"es\",\"potentialAction\":[{\"@type\":\"ReadAction\",\"target\":[\"https:\\\/\\\/escolaesquipallarssobira.es\\\/es\\\/avis-legal\\\/\"]}]},{\"@type\":\"BreadcrumbList\",\"@id\":\"https:\\\/\\\/escolaesquipallarssobira.es\\\/es\\\/avis-legal\\\/#breadcrumb\",\"itemListElement\":[{\"@type\":\"ListItem\",\"position\":1,\"name\":\"Inici\",\"item\":\"https:\\\/\\\/escolaesquipallarssobira.es\\\/es\\\/\"},{\"@type\":\"ListItem\",\"position\":2,\"name\":\"Av\u00eds legal\"}]},{\"@type\":\"WebSite\",\"@id\":\"https:\\\/\\\/escolaesquipallarssobira.es\\\/#website\",\"url\":\"https:\\\/\\\/escolaesquipallarssobira.es\\\/\",\"name\":\"Escola d&#039;Esqu\u00ed i Snowboard al Pallars Sobir\u00e0\",\"description\":\"Esqu\u00ed i Snow a Port-Ain\u00e9, Espot i Tavascan\",\"publisher\":{\"@id\":\"https:\\\/\\\/escolaesquipallarssobira.es\\\/#organization\"},\"potentialAction\":[{\"@type\":\"SearchAction\",\"target\":{\"@type\":\"EntryPoint\",\"urlTemplate\":\"https:\\\/\\\/escolaesquipallarssobira.es\\\/?s={search_term_string}\"},\"query-input\":{\"@type\":\"PropertyValueSpecification\",\"valueRequired\":true,\"valueName\":\"search_term_string\"}}],\"inLanguage\":\"es\"},{\"@type\":\"Organization\",\"@id\":\"https:\\\/\\\/escolaesquipallarssobira.es\\\/#organization\",\"name\":\"Escola d'Esqu\u00ed i Snowboard Pallars Sobir\u00e0\",\"url\":\"https:\\\/\\\/escolaesquipallarssobira.es\\\/\",\"logo\":{\"@type\":\"ImageObject\",\"inLanguage\":\"es\",\"@id\":\"https:\\\/\\\/escolaesquipallarssobira.es\\\/#\\\/schema\\\/logo\\\/image\\\/\",\"url\":\"https:\\\/\\\/escolaesquipallarssobira.es\\\/wp-content\\\/uploads\\\/logos-web.png\",\"contentUrl\":\"https:\\\/\\\/escolaesquipallarssobira.es\\\/wp-content\\\/uploads\\\/logos-web.png\",\"width\":399,\"height\":205,\"caption\":\"Escola d'Esqu\u00ed i Snowboard Pallars Sobir\u00e0\"},\"image\":{\"@id\":\"https:\\\/\\\/escolaesquipallarssobira.es\\\/#\\\/schema\\\/logo\\\/image\\\/\"},\"sameAs\":[\"https:\\\/\\\/www.facebook.com\\\/escolaesquiportaine\",\"https:\\\/\\\/x.com\\\/eesquipsobira\",\"https:\\\/\\\/www.instagram.com\\\/escola_esqui_pallars_sobira\\\/\"]}]}<\/script>\n<!-- \/ Yoast SEO plugin. -->","yoast_head_json":{"title":"Av\u00eds legal - Escola d&#039;Esqu\u00ed i Snowboard al Pallars Sobir\u00e0","description":"Si tens ganes de millorar o perfeccionar el teu esqu\u00ed o snow, som la teva escola. Estem a Port-Ain\u00e9, una de les estacions amb millor neu i tranquil\u00b7les. Classes individuals i col\u00b7lectives. T'esperem","robots":{"index":"index","follow":"follow","max-snippet":"max-snippet:-1","max-image-preview":"max-image-preview:large","max-video-preview":"max-video-preview:-1"},"canonical":"https:\/\/escolaesquipallarssobira.es\/es\/avis-legal\/","og_locale":"es_ES","og_type":"article","og_title":"Av\u00eds legal - Escola d&#039;Esqu\u00ed i Snowboard al Pallars Sobir\u00e0","og_description":"Si tens ganes de millorar o perfeccionar el teu esqu\u00ed o snow, som la teva escola. Estem a Port-Ain\u00e9, una de les estacions amb millor neu i tranquil\u00b7les. Classes individuals i col\u00b7lectives. T'esperem","og_url":"https:\/\/escolaesquipallarssobira.es\/es\/avis-legal\/","og_site_name":"Escola d&#039;Esqu\u00ed i Snowboard al Pallars Sobir\u00e0","article_publisher":"https:\/\/www.facebook.com\/escolaesquiportaine","article_modified_time":"2023-01-03T11:05:11+00:00","twitter_card":"summary_large_image","twitter_site":"@eesquipsobira","twitter_misc":{"Tiempo de lectura":"6 minutos"},"schema":{"@context":"https:\/\/schema.org","@graph":[{"@type":"WebPage","@id":"https:\/\/escolaesquipallarssobira.es\/es\/avis-legal\/","url":"https:\/\/escolaesquipallarssobira.es\/es\/avis-legal\/","name":"Av\u00eds legal - Escola d&#039;Esqu\u00ed i Snowboard al Pallars Sobir\u00e0","isPartOf":{"@id":"https:\/\/escolaesquipallarssobira.es\/#website"},"datePublished":"2023-01-03T11:03:50+00:00","dateModified":"2023-01-03T11:05:11+00:00","description":"Si tens ganes de millorar o perfeccionar el teu esqu\u00ed o snow, som la teva escola. Estem a Port-Ain\u00e9, una de les estacions amb millor neu i tranquil\u00b7les. Classes individuals i col\u00b7lectives. T'esperem","breadcrumb":{"@id":"https:\/\/escolaesquipallarssobira.es\/es\/avis-legal\/#breadcrumb"},"inLanguage":"es","potentialAction":[{"@type":"ReadAction","target":["https:\/\/escolaesquipallarssobira.es\/es\/avis-legal\/"]}]},{"@type":"BreadcrumbList","@id":"https:\/\/escolaesquipallarssobira.es\/es\/avis-legal\/#breadcrumb","itemListElement":[{"@type":"ListItem","position":1,"name":"Inici","item":"https:\/\/escolaesquipallarssobira.es\/es\/"},{"@type":"ListItem","position":2,"name":"Av\u00eds legal"}]},{"@type":"WebSite","@id":"https:\/\/escolaesquipallarssobira.es\/#website","url":"https:\/\/escolaesquipallarssobira.es\/","name":"Escola d&#039;Esqu\u00ed i Snowboard al Pallars Sobir\u00e0","description":"Esqu\u00ed i Snow a Port-Ain\u00e9, Espot i Tavascan","publisher":{"@id":"https:\/\/escolaesquipallarssobira.es\/#organization"},"potentialAction":[{"@type":"SearchAction","target":{"@type":"EntryPoint","urlTemplate":"https:\/\/escolaesquipallarssobira.es\/?s={search_term_string}"},"query-input":{"@type":"PropertyValueSpecification","valueRequired":true,"valueName":"search_term_string"}}],"inLanguage":"es"},{"@type":"Organization","@id":"https:\/\/escolaesquipallarssobira.es\/#organization","name":"Escola d'Esqu\u00ed i Snowboard Pallars Sobir\u00e0","url":"https:\/\/escolaesquipallarssobira.es\/","logo":{"@type":"ImageObject","inLanguage":"es","@id":"https:\/\/escolaesquipallarssobira.es\/#\/schema\/logo\/image\/","url":"https:\/\/escolaesquipallarssobira.es\/wp-content\/uploads\/logos-web.png","contentUrl":"https:\/\/escolaesquipallarssobira.es\/wp-content\/uploads\/logos-web.png","width":399,"height":205,"caption":"Escola d'Esqu\u00ed i Snowboard Pallars Sobir\u00e0"},"image":{"@id":"https:\/\/escolaesquipallarssobira.es\/#\/schema\/logo\/image\/"},"sameAs":["https:\/\/www.facebook.com\/escolaesquiportaine","https:\/\/x.com\/eesquipsobira","https:\/\/www.instagram.com\/escola_esqui_pallars_sobira\/"]}]}},"_links":{"self":[{"href":"https:\/\/escolaesquipallarssobira.es\/es\/wp-json\/wp\/v2\/pages\/1115","targetHints":{"allow":["GET"]}}],"collection":[{"href":"https:\/\/escolaesquipallarssobira.es\/es\/wp-json\/wp\/v2\/pages"}],"about":[{"href":"https:\/\/escolaesquipallarssobira.es\/es\/wp-json\/wp\/v2\/types\/page"}],"author":[{"embeddable":true,"href":"https:\/\/escolaesquipallarssobira.es\/es\/wp-json\/wp\/v2\/users\/1"}],"replies":[{"embeddable":true,"href":"https:\/\/escolaesquipallarssobira.es\/es\/wp-json\/wp\/v2\/comments?post=1115"}],"version-history":[{"count":1,"href":"https:\/\/escolaesquipallarssobira.es\/es\/wp-json\/wp\/v2\/pages\/1115\/revisions"}],"predecessor-version":[{"id":1117,"href":"https:\/\/escolaesquipallarssobira.es\/es\/wp-json\/wp\/v2\/pages\/1115\/revisions\/1117"}],"wp:attachment":[{"href":"https:\/\/escolaesquipallarssobira.es\/es\/wp-json\/wp\/v2\/media?parent=1115"}],"curies":[{"name":"wp","href":"https:\/\/api.w.org\/{rel}","templated":true}]}}